{"id":2,"date":"2006-08-20T07:28:17","date_gmt":"2006-08-20T05:28:17","guid":{"rendered":""},"modified":"2014-08-29T16:57:19","modified_gmt":"2014-08-29T14:57:19","slug":"a-propos","status":"publish","type":"page","link":"https:\/\/www.collet-matrat.com\/?page_id=2","title":{"rendered":"A propos"},"content":{"rendered":"<p style=\"text-align: justify;\"><img loading=\"lazy\" decoding=\"async\" class=\"size-full wp-image-2363 alignleft\" title=\"\" src=\"\/wp-content\/uploads\/2006\/08\/_d_improd_\/photo_mini_f_improf_212x212.jpg\" alt=\"photo_mini\" width=\"212\" height=\"212\" \/>Passionn\u00e9 par les nouvelles technologies depuis des lustres - 1984 une \u00e9poque o\u00f9 l\u2019on se contentait, le sourire aux l\u00e8vres, d\u2019une ram de 48ko, d\u2019un processeur \u00e0 1Mhz et d\u2019une r\u00e9solution extraordinaire de 320x200 - j\u2019ai d\u00e9cid\u00e9, il y a quelques ann\u00e9es de cr\u00e9er ce blog avec pour objectif de vous faire partager mes d\u00e9couvertes, coups de c\u0153ur, coups de gueule ...<\/p>\n<p style=\"text-align: justify;\">Depuis 2005 avec plus ou moins d\u2019assiduit\u00e9, j\u2019essaye de maintenir ce cap sans ligne r\u00e9dactionnelle vraiment d\u00e9finie, en parlant, tout simplement, de ce qui m'int\u00e9resse !<\/p>\n<p style=\"text-align: justify;\">Dans la \u201cvrai\u201d vie, je g\u00e8re depuis plus de 10 ans une soci\u00e9t\u00e9 de services informatiques et une autre sp\u00e9cialis\u00e9e dans le c\u00e2blage. J'interviens \u00e9galement en qualit\u00e9 de Cyber\u00e9picier pour <a href=\"http:\/\/www.cgourmand.fr\" target=\"_blank\">www.cgourmand.fr<\/a> !<\/p>\n<p style=\"text-align: justify;\">Enfin, pour \u00eatre totalement complet, bien que vivant en Auvergne depuis des ann\u00e9es je reste particuli\u00e8rement attach\u00e9 (voir m\u00eame un poil chauvin \u2026) \u00e0 mes racines Grenobloises !<\/p>\n<p style=\"text-align: justify;\">Vous pouvez \u00e9galement me retrouver sur Twitter : <a href=\"http:\/\/www.twitter.com\/xaviercm\" target=\"_blank\">@xaviercm<\/a><\/p>\n<p style=\"text-align: justify;\">Pour me contacter c'est <a href=\"http:\/\/www.collet-matrat.com\/?page_id=97\" target=\"_blank\">ICI<\/a><\/p>\n<p style=\"text-align: justify;\">Pour les paranos \ud83d\ude42 voici ma cl\u00e9 PGP :<\/p>\n<p style=\"text-align: justify;\">-----BEGIN PGP PUBLIC KEY BLOCK-----<br \/>\nVersion: GnuPG v2.0.22 (MingW32)<\/p>\n<p>mQINBFP9paUBEACxZ2ImYfDdjLdRu+AgLsY55dQRFnLi+TAZ0oHQALjtCWS02o35<br \/>\nig1Bl7SGbeCpWtA7ngcoa8c\/2WI5fPPK5ZjC7ZacNZpObcENKodlOgi28+REL9+j<br \/>\nqJSqLKTvX04Kr5MyQGJC\/2hBlfU3mqNwlJWa1WaujAdxFQREQa2y2T0mVkeH\/Xdo<br \/>\nFAnmSfFFBqWEkwwLoFntv7YQ9p29KIPNJtLNpdkUId8DJW66th99b3JojaIn5ZaE<br \/>\n5lJEPUjWeeA9ULccGCd8xADBlS4ZSBNGT\/9KI3FmbEX6o\/7+b+XzfhlKD1aJKQ9c<br \/>\n0ERNTztE83XTFrs5WFr3fCbq\/Wi3NpltK\/a22Q54HSN47K0Zq2nQjySOQAiHvxXt<br \/>\nmDsbVN62uVuR+RZveJe5Oq8s4EkR3l+2NYUdv691o8546OBOabi86r2MbcWhhs+c<br \/>\ntGzFhpv6IrBwYZDGxb1S2GfTISp5P1hjq9RCI+0L8JdrC92fYj+b\/bCXbP9D\/xWW<br \/>\nn90OuQVjw7ZvpWxQq2H25A3OI0nBhZuS81kK\/v9WD5GKrknX6EbpsfwOfBjGC27j<br \/>\nxX\/QX8Mt+u36kyWZtDEUqD+Z6ZksNE8jKcppxrVHA+okaSUiWFdUWfXXCjeA5Ar0<br \/>\nU3O3tYcjq\/ZcismUv\/1xf1htpcMUGM9tMuPO1CYGF36J6KXzBXAsVedoOwARAQAB<br \/>\ntC9YYXZpZXIgQ09MTEVULU1BVFJBVCA8eGF2aWVyQGNvbGxldC1tYXRyYXQuY29t<br \/>\nPokCPwQTAQIAKQUCU\/2lpQIbLwUJBWG1+wcLCQgHAwIBBhUIAgkKCwQWAgMBAh4B<br \/>\nAheAAAoJENp2z\/ClPnL92lgP\/2g\/hjqpfsMoxTR2KqNXIGK4JhhY11E0n78rI20b<br \/>\nsnjwTn6XNYrT4k+ei4z2UXU9RkjMlI9vrhhA2gaItEU6shYXGb\/pJUD\/LAxy\/9cv<br \/>\nUGd8XytIgpOZf+gSvrxlrjOjqoSeQczpQmuxzxSpdQmzxkF5NhzAlX\/3s3dxoMD8<br \/>\n56odKIjUK1KOvv2seae7YuxsC7aB6eAxz2YGc4DcPd6DRuiEEiZseuljLMHrJUFU<br \/>\ntCnZ1z65HU0LiS7KKuS3HmBbcsX7rReiiI4uK6vpLmsLSjyqnTC6YY3yvGbqa3bT<br \/>\niZxdXxyNiaXRCT49+sMOXgybPqulE0JoAeiQLe8fpTwXZe5ABhueGJOS1tZqmVfD<br \/>\nGBpPKjJaoGlaTRlo2u39PRcGEBDbs6B\/SxctQ4cBSZWHg0aIMVQd\/BXDqWap7btF<br \/>\nlH0XETKglv4fAd0rzie6IxrlncnjvZcsMMj\/VEi81z6t6Q16zXyElW6daO4a2B9F<br \/>\nZehnFR0+w0Xm0U7G6lxlLr3o42lkAP7Tnlcmj+uBdRenrBc3nEi+mWGnvsNiY23y<br \/>\nymmjKUMVKjt4iilGUSLnnsmsGNnDyGasuYt1dawaJI32P8O\/68fBP96MM4SLq7Hu<br \/>\nO3j0X2i7YQbMjHa0XfoMuuCMlczu+A9ZgBYuRM8acAcTtUyCoYWfXF2rJwlKoBj\/<br \/>\ntHCX<br \/>\n=k2N1<br \/>\n-----END PGP PUBLIC KEY BLOCK-----<\/p>\n","protected":false},"excerpt":{"rendered":"<p>Passionn\u00e9 par les nouvelles technologies depuis des lustres - 1984 une \u00e9poque o\u00f9 l\u2019on se contentait, le sourire aux l\u00e8vres, d\u2019une ram de 48ko, d\u2019un processeur \u00e0 1Mhz et d\u2019une r\u00e9solution extraordinaire de 320x200 - j\u2019ai d\u00e9cid\u00e9, il y a &hellip; <a href=\"https:\/\/www.collet-matrat.com\/?page_id=2\">Lire la suite <span class=\"meta-nav\">&rarr;<\/span><\/a><\/p>\n","protected":false},"author":1,"featured_media":0,"parent":0,"menu_order":0,"comment_status":"closed","ping_status":"closed","template":"","meta":{"jetpack_post_was_ever_published":false,"footnotes":""},"class_list":["post-2","page","type-page","status-publish","hentry"],"jetpack_sharing_enabled":true,"jetpack_likes_enabled":true,"_links":{"self":[{"href":"https:\/\/www.collet-matrat.com\/index.php?rest_route=\/wp\/v2\/pages\/2","targetHints":{"allow":["GET"]}}],"collection":[{"href":"https:\/\/www.collet-matrat.com\/index.php?rest_route=\/wp\/v2\/pages"}],"about":[{"href":"https:\/\/www.collet-matrat.com\/index.php?rest_route=\/wp\/v2\/types\/page"}],"author":[{"embeddable":true,"href":"https:\/\/www.collet-matrat.com\/index.php?rest_route=\/wp\/v2\/users\/1"}],"replies":[{"embeddable":true,"href":"https:\/\/www.collet-matrat.com\/index.php?rest_route=%2Fwp%2Fv2%2Fcomments&post=2"}],"version-history":[{"count":19,"href":"https:\/\/www.collet-matrat.com\/index.php?rest_route=\/wp\/v2\/pages\/2\/revisions"}],"predecessor-version":[{"id":3415,"href":"https:\/\/www.collet-matrat.com\/index.php?rest_route=\/wp\/v2\/pages\/2\/revisions\/3415"}],"wp:attachment":[{"href":"https:\/\/www.collet-matrat.com\/index.php?rest_route=%2Fwp%2Fv2%2Fmedia&parent=2"}],"curies":[{"name":"wp","href":"https:\/\/api.w.org\/{rel}","templated":true}]}}