{"id":2389,"date":"2012-10-24T11:29:48","date_gmt":"2012-10-24T09:29:48","guid":{"rendered":"http:\/\/www.collet-matrat.com\/?page_id=2389"},"modified":"2012-10-26T13:55:07","modified_gmt":"2012-10-26T11:55:07","slug":"reunion-pratic-les-liens","status":"publish","type":"page","link":"https:\/\/www.collet-matrat.com\/?page_id=2389","title":{"rendered":"R\u00e9union Pratic | Les liens &#8230;"},"content":{"rendered":"<p><a href=\"http:\/\/www.pratic.org\" target=\"_blank\"><img data-recalc-dims=\"1\" loading=\"lazy\" decoding=\"async\" class=\"alignnone  wp-image-2407\" style=\"border: 0px none;\" title=\"Logo_Pratic\" src=\"https:\/\/i0.wp.com\/www.collet-matrat.com\/wp-content\/uploads\/2012\/10\/Logo_Pratic.png?resize=234%2C108\" alt=\"\" width=\"234\" height=\"108\" \/><\/a>\u00a0 <a href=\"http:\/\/www.resolv.fr\" target=\"_blank\"><img data-recalc-dims=\"1\" loading=\"lazy\" decoding=\"async\" class=\"alignnone  wp-image-2414\" style=\"border: 0px none;\" title=\"logo-resolv\" src=\"https:\/\/i0.wp.com\/www.collet-matrat.com\/wp-content\/uploads\/2012\/10\/logo-resolv.jpg?resize=277%2C98\" alt=\"\" width=\"277\" height=\"98\" \/><\/a><\/p>\n<ul>\n<li><em><strong>Google Apps<\/strong><\/em><\/li>\n<\/ul>\n<p style=\"padding-left: 60px;\">Google Apps (les tarifs) : cliquez <a href=\"http:\/\/www.google.com\/intl\/fr\/enterprise\/apps\/business\/pricing.html\" target=\"_blank\">ICI<\/a><\/p>\n<p style=\"padding-left: 60px;\">Google Apps (cr\u00e9er un compte gratuit) : cliquez <a href=\"https:\/\/www.google.com\/a\/cpanel\/standard\/new3?hl=fr&amp;source=gafb-pricing-tabletop-fr\" target=\"_blank\">ICI<\/a><\/p>\n<p style=\"padding-left: 60px;\">Google Apps (diff\u00e9rences entre les versions) : cliquez <a href=\"http:\/\/goo.gl\/Dlz96\" target=\"_blank\">ICI<\/a><\/p>\n<p style=\"padding-left: 60px;\">Visite des Datacenters Google : cliquez <a href=\"http:\/\/www.google.com\/about\/datacenters\/gallery\/#\/\" target=\"_blank\">ICI<\/a><\/p>\n<p style=\"padding-left: 60px;\">Doodle : cliquez <a href=\"http:\/\/www.doodle.com\/\" target=\"_blank\">ICI<\/a><\/p>\n<ul>\n<li><em><strong>Stockage en ligne<\/strong><\/em><\/li>\n<\/ul>\n<p style=\"padding-left: 60px;\">Owncloud (site officiel) : cliquez <a href=\"http:\/\/www.owncloud.com\" target=\"_blank\">ICI<\/a><\/p>\n<p style=\"padding-left: 60px;\">Hubic (by OVH) : cliquez <a href=\"http:\/\/www.ovh.fr\/hubiC\/\" target=\"_blank\">ICI<\/a><\/p>\n<p style=\"padding-left: 60px;\">DropBox : cliquez <a href=\"http:\/\/www.dropbox.com\" target=\"_blank\">ICI<\/a><\/p>\n<ul>\n<li><em><strong>Gestionnaires de mot de passe<\/strong><\/em><\/li>\n<\/ul>\n<p style=\"padding-left: 60px;\">LastPass : cliquez <a href=\"https:\/\/lastpass.com\/index.php\" target=\"_blank\">ICI<\/a><\/p>\n<p style=\"padding-left: 60px;\">KeePass (une alternative) : cliquez <a href=\"http:\/\/keepass.info\/\" target=\"_blank\">ICI<\/a><\/p>\n<ul>\n<li><em><strong>Evernote<\/strong><\/em><\/li>\n<\/ul>\n<p style=\"padding-left: 60px;\">Evenote (site officiel) : cliquez <a href=\"http:\/\/evernote.com\/intl\/fr\/\" target=\"_blank\">ICI<\/a><\/p>\n<p style=\"padding-left: 60px;\">Un an offert pour les abonn\u00e9s Orange : cliquez <a href=\"http:\/\/orange.evernote.com\" target=\"_blank\">ICI<\/a><\/p>\n<p style=\"padding-left: 60px;\">Evernote (avantages de la version Premium) : cliquez <a href=\"http:\/\/evernote.com\/intl\/fr\/premium\/\" target=\"_blank\">ICI<\/a><\/p>\n<ul>\n<li><strong>T\u00e9l\u00e9chargement de la pr\u00e9sentation<\/strong> : cliquez <a href=\"http:\/\/www.collet-matrat.com\/wp-content\/uploads\/2012\/10\/presentation.wmv\">ICI<\/a><\/li>\n<\/ul>\n<ul>\n<li><strong>Mon compte LinkedIn<\/strong> : <a href=\"http:\/\/www.linkedin.com\/in\/xaviercm\" target=\"_blank\">http:\/\/www.linkedin.com\/in\/xaviercm<\/a><\/li>\n<\/ul>\n<ul>\n<li><strong>Mon compte Twitter<\/strong> : <a href=\"http:\/\/www.twitter.com\/xaviercm\" target=\"_blank\">@xaviercm<\/a><\/li>\n<\/ul>\n<ul>\n<li><strong>Me contacter<\/strong> : cliquez <a href=\"http:\/\/xcm.tel\">ICI<\/a><\/li>\n<\/ul>\n","protected":false},"excerpt":{"rendered":"<p>\u00a0 Google Apps Google Apps (les tarifs) : cliquez ICI Google Apps (cr\u00e9er un compte gratuit) : cliquez ICI Google Apps (diff\u00e9rences entre les versions) : cliquez ICI Visite des Datacenters Google : cliquez ICI Doodle : cliquez ICI Stockage &hellip; <a href=\"https:\/\/www.collet-matrat.com\/?page_id=2389\">Lire la suite <span class=\"meta-nav\">&rarr;<\/span><\/a><\/p>\n","protected":false},"author":1,"featured_media":0,"parent":0,"menu_order":0,"comment_status":"closed","ping_status":"closed","template":"","meta":{"jetpack_post_was_ever_published":false,"footnotes":""},"class_list":["post-2389","page","type-page","status-publish","hentry"],"jetpack_sharing_enabled":true,"jetpack_likes_enabled":true,"_links":{"self":[{"href":"https:\/\/www.collet-matrat.com\/index.php?rest_route=\/wp\/v2\/pages\/2389"}],"collection":[{"href":"https:\/\/www.collet-matrat.com\/index.php?rest_route=\/wp\/v2\/pages"}],"about":[{"href":"https:\/\/www.collet-matrat.com\/index.php?rest_route=\/wp\/v2\/types\/page"}],"author":[{"embeddable":true,"href":"https:\/\/www.collet-matrat.com\/index.php?rest_route=\/wp\/v2\/users\/1"}],"replies":[{"embeddable":true,"href":"https:\/\/www.collet-matrat.com\/index.php?rest_route=%2Fwp%2Fv2%2Fcomments&post=2389"}],"version-history":[{"count":18,"href":"https:\/\/www.collet-matrat.com\/index.php?rest_route=\/wp\/v2\/pages\/2389\/revisions"}],"predecessor-version":[{"id":2397,"href":"https:\/\/www.collet-matrat.com\/index.php?rest_route=\/wp\/v2\/pages\/2389\/revisions\/2397"}],"wp:attachment":[{"href":"https:\/\/www.collet-matrat.com\/index.php?rest_route=%2Fwp%2Fv2%2Fmedia&parent=2389"}],"curies":[{"name":"wp","href":"https:\/\/api.w.org\/{rel}","templated":true}]}}