{"id":338,"date":"2008-01-05T09:30:53","date_gmt":"2008-01-05T08:30:53","guid":{"rendered":"http:\/\/www.collet-matrat.com\/?page_id=338"},"modified":"2012-11-11T13:44:05","modified_gmt":"2012-11-11T11:44:05","slug":"vos-decouvertes","status":"publish","type":"page","link":"https:\/\/www.collet-matrat.com\/?page_id=338","title":{"rendered":"Vos d\u00e9couvertes"},"content":{"rendered":"<p align=\"justify\">Vous avez d\u00e9couvert un nouveau service sympa, un bon plan, une adresse \u00e0 \"bookmarker de toute urgence\", vous lancez un nouveau concept et vous souhaitez obtenir un avis ...<\/p>\n<p align=\"justify\">Laissez moi un message au travers de ce formulaire, et si l'info me semble int\u00e9ressante je n'h\u00e9siterais pas \u00e0 \u00e9crire un petit billet !<\/p>\n<p align=\"justify\"><div data-test='contact-form' id='contact-form-338' class='wp-block-jetpack-contact-form-container '>\n<form action='https:\/\/www.collet-matrat.com\/?page_id=338#contact-form-338' method='post' class='contact-form commentsblock' aria-label=\"Vos d\u00e9couvertes\" novalidate>\n\n<div style=\"\" class='grunion-field-name-wrap grunion-field-wrap'  >\n<label\n\t\t\t\tfor='g338-nom'\n\t\t\t\tclass='grunion-field-label name'>Nom<span class=\"grunion-label-required\" aria-hidden=\"true\">(obligatoire)<\/span><\/label>\n<input\n\t\t\t\t\ttype='text'\n\t\t\t\t\tname='g338-nom'\n\t\t\t\t\tid='g338-nom'\n\t\t\t\t\tvalue=''\n\t\t\t\t\tclass='name  grunion-field' \n\t\t\t\t\trequired aria-required='true' \/>\n\t<\/div>\n\n<div style=\"\" class='grunion-field-email-wrap grunion-field-wrap'  >\n<label\n\t\t\t\tfor='g338-adressedecontact'\n\t\t\t\tclass='grunion-field-label email'>Adresse de contact<span class=\"grunion-label-required\" aria-hidden=\"true\">(obligatoire)<\/span><\/label>\n<input\n\t\t\t\t\ttype='email'\n\t\t\t\t\tname='g338-adressedecontact'\n\t\t\t\t\tid='g338-adressedecontact'\n\t\t\t\t\tvalue=''\n\t\t\t\t\tclass='email  grunion-field' \n\t\t\t\t\trequired aria-required='true' \/>\n\t<\/div>\n\n<div style=\"\" class='grunion-field-url-wrap grunion-field-wrap'  >\n<label\n\t\t\t\tfor='g338-siteweb'\n\t\t\t\tclass='grunion-field-label url'>Site web<\/label>\n<input\n\t\t\t\t\ttype='text'\n\t\t\t\t\tname='g338-siteweb'\n\t\t\t\t\tid='g338-siteweb'\n\t\t\t\t\tvalue=''\n\t\t\t\t\tclass='url  grunion-field' \n\t\t\t\t\ttitle=\"Veuillez saisir une URL valide - https:\/\/www.exemple.fr\" oninvalid=\"setCustomValidity(&quot;Veuillez saisir une URL valide - https:\/\/www.exemple.fr&quot;)\" oninput=\"setCustomValidity(&quot;&quot;)\" pattern=\"(([:\\\/a-zA-Z0-9_\\-]+)?(\\.[a-zA-Z0-9_\\-\\\/]+)+)\" data-type-override=\"url\"  \/>\n\t<\/div>\n\n<div style=\"\" class='grunion-field-textarea-wrap grunion-field-wrap'  >\n<label\n\t\t\t\tfor='contact-form-comment-g338-commentaire'\n\t\t\t\tclass='grunion-field-label textarea'>Commentaire<span class=\"grunion-label-required\" aria-hidden=\"true\">(obligatoire)<\/span><\/label>\n<textarea\n\t\t                style=''\n\t\t                name='g338-commentaire'\n\t\t                id='contact-form-comment-g338-commentaire'\n\t\t                rows='20' class='textarea  grunion-field'  required aria-required='true'><\/textarea>\n\t<\/div>\n\t<p class='contact-submit'>\n\t\t<button type='submit' class='pushbutton-wide'>Envoyer<\/button>\t\t<input type='hidden' name='contact-form-id' value='338' \/>\n\t\t<input type='hidden' name='action' value='grunion-contact-form' \/>\n\t\t<input type='hidden' name='contact-form-hash' value='f0d3c8cf2d549732702ef3619333cdbdf947d6da' \/>\n\t<\/p>\n<p style=\"display: none !important;\" class=\"akismet-fields-container\" data-prefix=\"ak_\"><label>&#916;<textarea name=\"ak_hp_textarea\" cols=\"45\" rows=\"8\" maxlength=\"100\"><\/textarea><\/label><input type=\"hidden\" id=\"ak_js_1\" name=\"ak_js\" value=\"15\"\/><script>document.getElementById( \"ak_js_1\" ).setAttribute( \"value\", ( new Date() ).getTime() );<\/script><\/p><\/form>\n<\/div><\/p>\n<p><!--cforms--><\/p>\n<p align=\"justify\">\n","protected":false},"excerpt":{"rendered":"<p>Vous avez d\u00e9couvert un nouveau service sympa, un bon plan, une adresse \u00e0 \"bookmarker de toute urgence\", vous lancez un nouveau concept et vous souhaitez obtenir un avis ... Laissez moi un message au travers de ce formulaire, et si &hellip; <a href=\"https:\/\/www.collet-matrat.com\/?page_id=338\">Lire la suite <span class=\"meta-nav\">&rarr;<\/span><\/a><\/p>\n","protected":false},"author":1,"featured_media":0,"parent":0,"menu_order":0,"comment_status":"closed","ping_status":"closed","template":"","meta":{"jetpack_post_was_ever_published":false,"footnotes":""},"class_list":["post-338","page","type-page","status-publish","hentry"],"jetpack_sharing_enabled":true,"jetpack_likes_enabled":true,"_links":{"self":[{"href":"https:\/\/www.collet-matrat.com\/index.php?rest_route=\/wp\/v2\/pages\/338"}],"collection":[{"href":"https:\/\/www.collet-matrat.com\/index.php?rest_route=\/wp\/v2\/pages"}],"about":[{"href":"https:\/\/www.collet-matrat.com\/index.php?rest_route=\/wp\/v2\/types\/page"}],"author":[{"embeddable":true,"href":"https:\/\/www.collet-matrat.com\/index.php?rest_route=\/wp\/v2\/users\/1"}],"replies":[{"embeddable":true,"href":"https:\/\/www.collet-matrat.com\/index.php?rest_route=%2Fwp%2Fv2%2Fcomments&post=338"}],"version-history":[{"count":2,"href":"https:\/\/www.collet-matrat.com\/index.php?rest_route=\/wp\/v2\/pages\/338\/revisions"}],"predecessor-version":[{"id":2423,"href":"https:\/\/www.collet-matrat.com\/index.php?rest_route=\/wp\/v2\/pages\/338\/revisions\/2423"}],"wp:attachment":[{"href":"https:\/\/www.collet-matrat.com\/index.php?rest_route=%2Fwp%2Fv2%2Fmedia&parent=338"}],"curies":[{"name":"wp","href":"https:\/\/api.w.org\/{rel}","templated":true}]}}