{"id":744,"date":"2009-01-18T08:37:06","date_gmt":"2009-01-18T07:37:06","guid":{"rendered":"http:\/\/www.collet-matrat.com\/?page_id=744"},"modified":"2011-03-03T06:50:35","modified_gmt":"2011-03-03T04:50:35","slug":"le-guide-2","status":"publish","type":"page","link":"https:\/\/www.collet-matrat.com\/?page_id=744","title":{"rendered":"Le Guide"},"content":{"rendered":"<p style=\"text-align: center;\"><img data-recalc-dims=\"1\" decoding=\"async\" src=\"https:\/\/i0.wp.com\/www.collet-matrat.com\/wp-content\/uploads\/2007\/02\/le-guideaspx.jpg?w=584\" alt=\"le-guideaspx.jpg\" \/><\/p>\n<p>L'objectif de cette rubrique est d'\u00e9tablir une sorte d'annuaire de liens r\u00e9pondant \u00e0 des besoins pr\u00e9cis, par exemple \"<em>comment obtenir une adresse email jetable<\/em>\", \"<em>comment transf\u00e9rer un gros fichier<\/em>\", \"<em>comment convertir un fichier bureautique<\/em>\" ...<\/p>\n<p>Je me suis (modestement) inspir\u00e9 du site am\u00e9ricain \"<a href=\"http:\/\/www.philb.com\/iwantto.htm\" target=\"_blank\"><em>I Want To ...<\/em><\/a>\" (que je vous conseille au passage) mais je souhaite que cette rubrique soit un peu plus \"<em><strong>collaborative<\/strong><\/em>\" : je vous invite donc \u00e0 me faire passer (par le biais des commentaires de cette page) vos adresses, bons plans ...<\/p>\n<p>Enfin, ce \"Guide\" n'est pas exclusivement consacr\u00e9 \u00e0 des \"web services\" : vous pourrez \u00e9galement y retrouver des logiciels, des how-to ...<\/p>\n<p>Afin d'\u00e9viter un effet un peu trop \"fourre tout\" (bien que \u00e7a va quand m\u00eame \u00eatre un peu le cas ...) je vais essayer de diviser la rubrique par th\u00e8me : email, stockage, graphisme ... (l\u00e0 encore j'attends vos suggestions !).<\/p>\n<p><strong><br \/>\n<\/strong><\/p>\n<ul>\n<li>\n<h3>Derni\u00e8re mise \u00e0 jour : <span style=\"color: #ff6600;\">20 septembre 2009<\/span><\/h3>\n<\/li>\n<\/ul>\n<p>S\u00e9lectionnez une cat\u00e9gorie :<\/p>\n<ul>\n<li><a href=\"http:\/\/www.collet-matrat.com\/?page_id=747\"><em><strong>Email<\/strong><\/em><\/a><\/li>\n<\/ul>\n<ul>\n<li><a href=\"http:\/\/www.collet-matrat.com\/?page_id=754\"><em><strong>Bureautique \/ travail collaboratif<\/strong><\/em><\/a><\/li>\n<\/ul>\n<ul>\n<li><a href=\"http:\/\/www.collet-matrat.com\/?page_id=757\"><em><strong>Logiciels<\/strong><\/em><\/a><\/li>\n<\/ul>\n<ul>\n<li><a href=\"http:\/\/www.collet-matrat.com\/?page_id=760\"><em><strong>Technique<\/strong><\/em><\/a><\/li>\n<\/ul>\n<ul>\n<li><a href=\"http:\/\/www.collet-matrat.com\/?page_id=763\"><em><strong>Administration \/ serveurs<\/strong><\/em><\/a><\/li>\n<\/ul>\n<ul>\n<li><a href=\"http:\/\/www.collet-matrat.com\/?page_id=766\"><em><strong>S\u00e9curit\u00e9<\/strong><\/em><\/a><\/li>\n<\/ul>\n<ul>\n<li><a href=\"http:\/\/www.collet-matrat.com\/?page_id=769\"><em><strong>T\u00e9l\u00e9coms \/ GSM \/ mobilit\u00e9 \/ ADSL<\/strong><\/em><\/a><\/li>\n<\/ul>\n<ul>\n<li><a href=\"http:\/\/www.collet-matrat.com\/?page_id=772\"><em><strong>Stockage \/ transfert de fichiers<\/strong><\/em><\/a><\/li>\n<\/ul>\n<ul>\n<li><a href=\"http:\/\/www.collet-matrat.com\/?page_id=775\"><em><strong>Video \/ Son<\/strong><\/em><\/a><\/li>\n<\/ul>\n<ul>\n<li><a href=\"http:\/\/www.collet-matrat.com\/?page_id=778\"><em><strong>Graphisme<\/strong><\/em><\/a><\/li>\n<\/ul>\n<ul>\n<li><a href=\"http:\/\/www.collet-matrat.com\/?page_id=780\"><em><strong>Utilitaires \/ Web<\/strong><\/em><\/a><\/li>\n<\/ul>\n<ul>\n<li><em><strong><a href=\"http:\/\/www.collet-matrat.com\/?page_id=1141\">\"Vie quotidienne\"<\/a><\/strong><\/em><\/li>\n<\/ul>\n","protected":false},"excerpt":{"rendered":"<p>L'objectif de cette rubrique est d'\u00e9tablir une sorte d'annuaire de liens r\u00e9pondant \u00e0 des besoins pr\u00e9cis, par exemple \"comment obtenir une adresse email jetable\", \"comment transf\u00e9rer un gros fichier\", \"comment convertir un fichier bureautique\" ... Je me suis (modestement) inspir\u00e9 &hellip; <a href=\"https:\/\/www.collet-matrat.com\/?page_id=744\">Lire la suite <span class=\"meta-nav\">&rarr;<\/span><\/a><\/p>\n","protected":false},"author":1,"featured_media":0,"parent":0,"menu_order":0,"comment_status":"open","ping_status":"open","template":"","meta":{"jetpack_post_was_ever_published":false,"footnotes":""},"class_list":["post-744","page","type-page","status-publish","hentry"],"jetpack_sharing_enabled":true,"jetpack_likes_enabled":true,"_links":{"self":[{"href":"https:\/\/www.collet-matrat.com\/index.php?rest_route=\/wp\/v2\/pages\/744"}],"collection":[{"href":"https:\/\/www.collet-matrat.com\/index.php?rest_route=\/wp\/v2\/pages"}],"about":[{"href":"https:\/\/www.collet-matrat.com\/index.php?rest_route=\/wp\/v2\/types\/page"}],"author":[{"embeddable":true,"href":"https:\/\/www.collet-matrat.com\/index.php?rest_route=\/wp\/v2\/users\/1"}],"replies":[{"embeddable":true,"href":"https:\/\/www.collet-matrat.com\/index.php?rest_route=%2Fwp%2Fv2%2Fcomments&post=744"}],"version-history":[{"count":28,"href":"https:\/\/www.collet-matrat.com\/index.php?rest_route=\/wp\/v2\/pages\/744\/revisions"}],"predecessor-version":[{"id":1935,"href":"https:\/\/www.collet-matrat.com\/index.php?rest_route=\/wp\/v2\/pages\/744\/revisions\/1935"}],"wp:attachment":[{"href":"https:\/\/www.collet-matrat.com\/index.php?rest_route=%2Fwp%2Fv2%2Fmedia&parent=744"}],"curies":[{"name":"wp","href":"https:\/\/api.w.org\/{rel}","templated":true}]}}