{"id":757,"date":"2009-02-22T09:25:14","date_gmt":"2009-02-22T08:25:14","guid":{"rendered":"http:\/\/www.collet-matrat.com\/?page_id=757"},"modified":"2009-02-22T09:25:14","modified_gmt":"2009-02-22T08:25:14","slug":"le-guide-logiciels","status":"publish","type":"page","link":"https:\/\/www.collet-matrat.com\/?page_id=757","title":{"rendered":"Le Guide &#8211; Logiciels"},"content":{"rendered":"<p>\u221a T\u00e9l\u00e9charger des anciennes versions ...<\/p>\n<p style=\"text-align: center;\"><a href=\"http:\/\/www.oldversion.com\/\" target=\"_blank\"><img data-recalc-dims=\"1\" loading=\"lazy\" decoding=\"async\" class=\"size-full wp-image-855 aligncenter\" title=\"oldversion\" src=\"https:\/\/i0.wp.com\/www.collet-matrat.com\/wp-content\/uploads\/2009\/02\/oldversion.jpg?resize=202%2C152\" alt=\"oldversion\" width=\"202\" height=\"152\" \/><\/a><\/p>\n<p>\u221a T\u00e9l\u00e9charger les derni\u00e8res versions gratuites de logiciels devenus payants ...<\/p>\n<p style=\"text-align: center;\"><a href=\"http:\/\/www.321download.com\/LastFreeware\/index.html\" target=\"_blank\"><img data-recalc-dims=\"1\" loading=\"lazy\" decoding=\"async\" class=\"size-full wp-image-856 aligncenter\" title=\"lastfreewareversion\" src=\"https:\/\/i0.wp.com\/www.collet-matrat.com\/wp-content\/uploads\/2009\/02\/lastfreewareversion.jpg?resize=202%2C152\" alt=\"lastfreewareversion\" width=\"202\" height=\"152\" \/><\/a><\/p>\n","protected":false},"excerpt":{"rendered":"<p>\u221a T\u00e9l\u00e9charger des anciennes versions ... \u221a T\u00e9l\u00e9charger les derni\u00e8res versions gratuites de logiciels devenus payants ...<\/p>\n","protected":false},"author":1,"featured_media":0,"parent":744,"menu_order":0,"comment_status":"closed","ping_status":"closed","template":"","meta":{"jetpack_post_was_ever_published":false,"footnotes":""},"class_list":["post-757","page","type-page","status-publish","hentry"],"jetpack_sharing_enabled":true,"jetpack_likes_enabled":true,"_links":{"self":[{"href":"https:\/\/www.collet-matrat.com\/index.php?rest_route=\/wp\/v2\/pages\/757","targetHints":{"allow":["GET"]}}],"collection":[{"href":"https:\/\/www.collet-matrat.com\/index.php?rest_route=\/wp\/v2\/pages"}],"about":[{"href":"https:\/\/www.collet-matrat.com\/index.php?rest_route=\/wp\/v2\/types\/page"}],"author":[{"embeddable":true,"href":"https:\/\/www.collet-matrat.com\/index.php?rest_route=\/wp\/v2\/users\/1"}],"replies":[{"embeddable":true,"href":"https:\/\/www.collet-matrat.com\/index.php?rest_route=%2Fwp%2Fv2%2Fcomments&post=757"}],"version-history":[{"count":6,"href":"https:\/\/www.collet-matrat.com\/index.php?rest_route=\/wp\/v2\/pages\/757\/revisions"}],"predecessor-version":[{"id":998,"href":"https:\/\/www.collet-matrat.com\/index.php?rest_route=\/wp\/v2\/pages\/757\/revisions\/998"}],"up":[{"embeddable":true,"href":"https:\/\/www.collet-matrat.com\/index.php?rest_route=\/wp\/v2\/pages\/744"}],"wp:attachment":[{"href":"https:\/\/www.collet-matrat.com\/index.php?rest_route=%2Fwp%2Fv2%2Fmedia&parent=757"}],"curies":[{"name":"wp","href":"https:\/\/api.w.org\/{rel}","templated":true}]}}