{"id":760,"date":"2009-02-22T09:26:01","date_gmt":"2009-02-22T08:26:01","guid":{"rendered":"http:\/\/www.collet-matrat.com\/?page_id=760"},"modified":"2009-06-06T17:36:06","modified_gmt":"2009-06-06T16:36:06","slug":"le-guide-technique","status":"publish","type":"page","link":"https:\/\/www.collet-matrat.com\/?page_id=760","title":{"rendered":"Le Guide &#8211; Technique"},"content":{"rendered":"<p>\u221a T\u00e9l\u00e9charger une DLL manquante ...<\/p>\n<p style=\"text-align: center;\"><a href=\"http:\/\/www.dll-files.com\/\" target=\"_blank\"><img data-recalc-dims=\"1\" loading=\"lazy\" decoding=\"async\" class=\"size-full wp-image-868 aligncenter\" style=\"border: 0pt none;\" title=\"dllfiles\" src=\"https:\/\/i0.wp.com\/www.collet-matrat.com\/wp-content\/uploads\/2009\/02\/dllfiles.jpg?resize=202%2C152\" alt=\"dllfiles\" width=\"202\" height=\"152\" \/><\/a><\/p>\n<p>\u221a T\u00e9l\u00e9charger un driver ...<\/p>\n<p style=\"text-align: center;\"><a href=\"http:\/\/www.touslesdrivers.com\/\" target=\"_blank\"><img data-recalc-dims=\"1\" loading=\"lazy\" decoding=\"async\" class=\"size-full wp-image-869 aligncenter\" title=\"touslesdrivers\" src=\"https:\/\/i0.wp.com\/www.collet-matrat.com\/wp-content\/uploads\/2009\/02\/touslesdrivers.jpg?resize=202%2C152\" alt=\"touslesdrivers\" width=\"202\" height=\"152\" \/><\/a> <a href=\"http:\/\/www.pc-driver.net\/\" target=\"_blank\"><img data-recalc-dims=\"1\" loading=\"lazy\" decoding=\"async\" class=\"size-full wp-image-871 aligncenter\" title=\"pcdrivers\" src=\"https:\/\/i0.wp.com\/www.collet-matrat.com\/wp-content\/uploads\/2009\/02\/pcdrivers.jpg?resize=202%2C152\" alt=\"pcdrivers\" width=\"202\" height=\"152\" \/><\/a><\/p>\n<p style=\"text-align: center;\"><a href=\"http:\/\/www.driverskit.com\/\" target=\"_blank\"><img data-recalc-dims=\"1\" loading=\"lazy\" decoding=\"async\" class=\"size-full wp-image-872 aligncenter\" title=\"driverskits\" src=\"https:\/\/i0.wp.com\/www.collet-matrat.com\/wp-content\/uploads\/2009\/02\/driverskits.jpg?resize=202%2C152\" alt=\"driverskits\" width=\"202\" height=\"152\" \/><\/a><\/p>\n<p>\u221a Obtenir des infos sur un processus Windows ...<\/p>\n<p style=\"text-align: center;\"><a href=\"http:\/\/www.processlibrary.com\/\" target=\"_blank\"><img data-recalc-dims=\"1\" loading=\"lazy\" decoding=\"async\" class=\"size-full wp-image-877 aligncenter\" title=\"wwwprocesslibrarycom\" src=\"https:\/\/i0.wp.com\/www.collet-matrat.com\/wp-content\/uploads\/2009\/02\/wwwprocesslibrarycom.jpg?resize=202%2C152\" alt=\"wwwprocesslibrarycom\" width=\"202\" height=\"152\" \/><\/a><\/p>\n<p>\u221a Retrouver des mots de passe (email, Wifi, IM ...) enregistr\u00e9s mais oubli\u00e9s ...<\/p>\n<p style=\"text-align: center;\"><a href=\"http:\/\/www.collet-matrat.com\/?p=204\" target=\"_blank\"><img data-recalc-dims=\"1\" loading=\"lazy\" decoding=\"async\" class=\"size-full wp-image-878 aligncenter\" title=\"wwwnirsoftnet\" src=\"https:\/\/i0.wp.com\/www.collet-matrat.com\/wp-content\/uploads\/2009\/02\/wwwnirsoftnet.jpg?resize=202%2C152\" alt=\"wwwnirsoftnet\" width=\"202\" height=\"152\" \/><\/a><\/p>\n<p>\u221a Obtenir une liste de 100 commandes utiles pour le module \"executer\" de Windows ...<\/p>\n<p style=\"text-align: center;\"><a href=\"http:\/\/www.libellules.ch\/dotclear\/index.php?2006\/09\/18\/1220-commandes-pour-la-boite-executer\" target=\"_blank\"><img data-recalc-dims=\"1\" loading=\"lazy\" decoding=\"async\" class=\"size-full wp-image-879 aligncenter\" title=\"imageswebsnaprcom\" src=\"https:\/\/i0.wp.com\/www.collet-matrat.com\/wp-content\/uploads\/2009\/02\/imageswebsnaprcom.jpg?resize=202%2C152\" alt=\"imageswebsnaprcom\" width=\"202\" height=\"152\" \/><\/a><\/p>\n<p>\u221a Cr\u00e9er des disquettes (et CD) de boot en tout genre (DOS...) ...<\/p>\n<p style=\"text-align: center;\"><a href=\"http:\/\/www.bootdisk.com\/bootdisk.htm\" target=\"_blank\"><img data-recalc-dims=\"1\" loading=\"lazy\" decoding=\"async\" class=\"size-full wp-image-880 aligncenter\" title=\"imageswebsnaprcom1\" src=\"https:\/\/i0.wp.com\/www.collet-matrat.com\/wp-content\/uploads\/2009\/02\/imageswebsnaprcom1.jpg?resize=202%2C152\" alt=\"imageswebsnaprcom1\" width=\"202\" height=\"152\" \/><\/a><\/p>\n<p>\u221a T\u00e9l\u00e9charger des anciennes versions de logiciels ...<\/p>\n<p style=\"text-align: center;\"><a href=\"http:\/\/www.oldversion.com\/\" target=\"_blank\"><img data-recalc-dims=\"1\" loading=\"lazy\" decoding=\"async\" class=\"size-full wp-image-855 aligncenter\" title=\"oldversion\" src=\"https:\/\/i0.wp.com\/www.collet-matrat.com\/wp-content\/uploads\/2009\/02\/oldversion.jpg?resize=202%2C152\" alt=\"oldversion\" width=\"202\" height=\"152\" \/><\/a><\/p>\n<p>\u221a Installer des applications sur une cl\u00e9 USB ...<\/p>\n<p style=\"text-align: center;\"><a href=\"http:\/\/portableapps.com\/\" target=\"_blank\"><img data-recalc-dims=\"1\" loading=\"lazy\" decoding=\"async\" class=\"size-full wp-image-881 aligncenter\" title=\"portableappscom\" src=\"https:\/\/i0.wp.com\/www.collet-matrat.com\/wp-content\/uploads\/2009\/02\/portableappscom.jpg?resize=202%2C152\" alt=\"portableappscom\" width=\"202\" height=\"152\" \/><\/a><\/p>\n<p>\u221a Contr\u00f4ler les applications s'ex\u00e9cutant au d\u00e9marrage de Windows ...<\/p>\n<p style=\"text-align: center;\"><a href=\"http:\/\/www.mlin.net\/StartupCPL.shtml\" target=\"_blank\"><img data-recalc-dims=\"1\" loading=\"lazy\" decoding=\"async\" class=\"size-full wp-image-882 aligncenter\" title=\"imageswebsnaprcom2\" src=\"https:\/\/i0.wp.com\/www.collet-matrat.com\/wp-content\/uploads\/2009\/02\/imageswebsnaprcom2.jpg?resize=202%2C152\" alt=\"imageswebsnaprcom2\" width=\"202\" height=\"152\" \/><\/a> <a href=\"http:\/\/technet.microsoft.com\/en-us\/sysinternals\/bb963902.aspx\" target=\"_blank\"><img data-recalc-dims=\"1\" loading=\"lazy\" decoding=\"async\" class=\"alignnone size-full wp-image-883\" title=\"imageswebsnaprcom3\" src=\"https:\/\/i0.wp.com\/www.collet-matrat.com\/wp-content\/uploads\/2009\/02\/imageswebsnaprcom3.jpg?resize=202%2C152\" alt=\"imageswebsnaprcom3\" width=\"202\" height=\"152\" \/><\/a><\/p>\n<p>\u221a Tester rapidement un disque dur (S.M.A.R.T., performances...) ...<\/p>\n<p style=\"text-align: center;\"><a href=\"http:\/\/www.hdtune.com\/\" target=\"_blank\"><img data-recalc-dims=\"1\" loading=\"lazy\" decoding=\"async\" class=\"size-full wp-image-884 aligncenter\" title=\"wwwhdtunecom\" src=\"https:\/\/i0.wp.com\/www.collet-matrat.com\/wp-content\/uploads\/2009\/02\/wwwhdtunecom.jpg?resize=202%2C152\" alt=\"wwwhdtunecom\" width=\"202\" height=\"152\" \/><\/a><\/p>\n<p>\u221a Scanner une plage d'adresses IP ...<\/p>\n<p style=\"text-align: center;\"><a href=\"http:\/\/www.angryziber.com\/ipscan\/\" target=\"_blank\"><img data-recalc-dims=\"1\" loading=\"lazy\" decoding=\"async\" class=\"size-full wp-image-885 aligncenter\" title=\"ipscan\" src=\"https:\/\/i0.wp.com\/www.collet-matrat.com\/wp-content\/uploads\/2009\/02\/ipscan.jpg?resize=202%2C152\" alt=\"ipscan\" width=\"202\" height=\"152\" \/><\/a><\/p>\n<p>\u221a D\u00e9verrouiller un fichier bloqu\u00e9 par Windows ...<\/p>\n<p style=\"text-align: center;\"><a href=\"http:\/\/ccollomb.free.fr\/unlocker\/\" target=\"_blank\"><img data-recalc-dims=\"1\" loading=\"lazy\" decoding=\"async\" class=\"size-full wp-image-886 aligncenter\" title=\"unlocker\" src=\"https:\/\/i0.wp.com\/www.collet-matrat.com\/wp-content\/uploads\/2009\/02\/unlocker.jpg?resize=202%2C152\" alt=\"unlocker\" width=\"202\" height=\"152\" \/><\/a><\/p>\n<p>\u221a Trouver un logiciel libre \u00e9quivalent \u00e0 une application commerciale ...<\/p>\n<p style=\"text-align: center;\"><a href=\"http:\/\/www.osalt.com\/\" target=\"_blank\"><img data-recalc-dims=\"1\" loading=\"lazy\" decoding=\"async\" class=\"size-full wp-image-887 aligncenter\" title=\"wwwosaltcom\" src=\"https:\/\/i0.wp.com\/www.collet-matrat.com\/wp-content\/uploads\/2009\/02\/wwwosaltcom.jpg?resize=202%2C152\" alt=\"wwwosaltcom\" width=\"202\" height=\"152\" \/><\/a><\/p>\n<p>\u221a Voir la liste des ports (TCP, UDP) ouverts sur son PC ainsi que leur utilisation ...<\/p>\n<p style=\"text-align: center;\"><a href=\"http:\/\/www.nirsoft.net\/utils\/cports.html\" target=\"_blank\"><img data-recalc-dims=\"1\" loading=\"lazy\" decoding=\"async\" class=\"size-full wp-image-888 aligncenter\" title=\"imageswebsnaprcom4\" src=\"https:\/\/i0.wp.com\/www.collet-matrat.com\/wp-content\/uploads\/2009\/02\/imageswebsnaprcom4.jpg?resize=202%2C152\" alt=\"imageswebsnaprcom4\" width=\"202\" height=\"152\" \/><\/a><\/p>\n<p>\u221a T\u00e9l\u00e9charger un logiciel de gravure (CD\/DVD) gratuit \/ licence GPL (<em>InfraRecorder<\/em>) ...<\/p>\n<p style=\"text-align: center;\"><a href=\"http:\/\/infrarecorder.sourceforge.net\/\" target=\"_blank\"><img data-recalc-dims=\"1\" loading=\"lazy\" decoding=\"async\" class=\"size-full wp-image-889 aligncenter\" title=\"infrarecordersourceforgenet\" src=\"https:\/\/i0.wp.com\/www.collet-matrat.com\/wp-content\/uploads\/2009\/02\/infrarecordersourceforgenet.jpg?resize=202%2C152\" alt=\"infrarecordersourceforgenet\" width=\"202\" height=\"152\" \/><\/a><\/p>\n<p>\u221a T\u00e9l\u00e9charger les Windows Updates de Microsoft sur un DVD ...<\/p>\n<p style=\"text-align: center;\"><a href=\"http:\/\/support.microsoft.com\/kb\/913086\" target=\"_blank\"><img data-recalc-dims=\"1\" loading=\"lazy\" decoding=\"async\" class=\"size-full wp-image-890 aligncenter\" title=\"imageswebsnaprcom5\" src=\"https:\/\/i0.wp.com\/www.collet-matrat.com\/wp-content\/uploads\/2009\/02\/imageswebsnaprcom5.jpg?resize=202%2C152\" alt=\"imageswebsnaprcom5\" width=\"202\" height=\"152\" \/><\/a><\/p>\n<p>\u221a Effectuer une sauvegarde des param\u00e8tres d'Internet Explorer ...<\/p>\n<p style=\"text-align: center;\"><a href=\"http:\/\/www.backsettings.com\/internet-explorer-backup.html\" target=\"_blank\"><img data-recalc-dims=\"1\" loading=\"lazy\" decoding=\"async\" class=\"size-full wp-image-891 aligncenter\" title=\"imageswebsnaprcom6\" src=\"https:\/\/i0.wp.com\/www.collet-matrat.com\/wp-content\/uploads\/2009\/02\/imageswebsnaprcom6.jpg?resize=202%2C152\" alt=\"imageswebsnaprcom6\" width=\"202\" height=\"152\" \/><\/a><\/p>\n<p>\u221a Redimensionner les partitions d'un disque dur ...<\/p>\n<p style=\"text-align: center;\"><a href=\"http:\/\/www.free-partition-tool.com\/pm\/\" target=\"_blank\"><img data-recalc-dims=\"1\" loading=\"lazy\" decoding=\"async\" class=\"size-full wp-image-892 aligncenter\" title=\"pm\" src=\"https:\/\/i0.wp.com\/www.collet-matrat.com\/wp-content\/uploads\/2009\/02\/pm.jpg?resize=202%2C152\" alt=\"pm\" width=\"202\" height=\"152\" \/><\/a><\/p>\n<p>\u221a \"Pinguer\" un site (ou une IP) \u00e0 partir d'un quarantaine de points r\u00e9partis sur le globe\u00a0 ...<\/p>\n<p style=\"text-align: center;\"><a href=\"http:\/\/www.just-ping.com\" target=\"_blank\"><img data-recalc-dims=\"1\" loading=\"lazy\" decoding=\"async\" class=\"alignnone size-full wp-image-1184\" title=\"wwwjust-pingcom\" src=\"https:\/\/i0.wp.com\/www.collet-matrat.com\/wp-content\/uploads\/2009\/02\/wwwjust-pingcom.jpg?resize=202%2C152\" alt=\"wwwjust-pingcom\" width=\"202\" height=\"152\" \/><\/a><\/p>\n<p>\u221a \"Tracerouter ;-)\" un site (ou une IP) \u00e0 partir de 4 points r\u00e9partis sur le globe\u00a0 ...<\/p>\n<p style=\"text-align: center;\"><a href=\"http:\/\/www.just-traceroute.com\/\" target=\"_blank\"><img data-recalc-dims=\"1\" loading=\"lazy\" decoding=\"async\" class=\"alignnone size-full wp-image-1185\" title=\"wwwjust-traceroutecom\" src=\"https:\/\/i0.wp.com\/www.collet-matrat.com\/wp-content\/uploads\/2009\/02\/wwwjust-traceroutecom.jpg?resize=202%2C152\" alt=\"wwwjust-traceroutecom\" width=\"202\" height=\"152\" \/><br \/>\n<\/a><\/p>\n","protected":false},"excerpt":{"rendered":"<p>\u221a T\u00e9l\u00e9charger une DLL manquante ... \u221a T\u00e9l\u00e9charger un driver ... \u221a Obtenir des infos sur un processus Windows ... \u221a Retrouver des mots de passe (email, Wifi, IM ...) enregistr\u00e9s mais oubli\u00e9s ... \u221a Obtenir une liste de 100 &hellip; <a href=\"https:\/\/www.collet-matrat.com\/?page_id=760\">Lire la suite <span class=\"meta-nav\">&rarr;<\/span><\/a><\/p>\n","protected":false},"author":1,"featured_media":0,"parent":744,"menu_order":0,"comment_status":"closed","ping_status":"closed","template":"","meta":{"jetpack_post_was_ever_published":false,"footnotes":""},"class_list":["post-760","page","type-page","status-publish","hentry"],"jetpack_sharing_enabled":true,"jetpack_likes_enabled":true,"_links":{"self":[{"href":"https:\/\/www.collet-matrat.com\/index.php?rest_route=\/wp\/v2\/pages\/760","targetHints":{"allow":["GET"]}}],"collection":[{"href":"https:\/\/www.collet-matrat.com\/index.php?rest_route=\/wp\/v2\/pages"}],"about":[{"href":"https:\/\/www.collet-matrat.com\/index.php?rest_route=\/wp\/v2\/types\/page"}],"author":[{"embeddable":true,"href":"https:\/\/www.collet-matrat.com\/index.php?rest_route=\/wp\/v2\/users\/1"}],"replies":[{"embeddable":true,"href":"https:\/\/www.collet-matrat.com\/index.php?rest_route=%2Fwp%2Fv2%2Fcomments&post=760"}],"version-history":[{"count":18,"href":"https:\/\/www.collet-matrat.com\/index.php?rest_route=\/wp\/v2\/pages\/760\/revisions"}],"predecessor-version":[{"id":1187,"href":"https:\/\/www.collet-matrat.com\/index.php?rest_route=\/wp\/v2\/pages\/760\/revisions\/1187"}],"up":[{"embeddable":true,"href":"https:\/\/www.collet-matrat.com\/index.php?rest_route=\/wp\/v2\/pages\/744"}],"wp:attachment":[{"href":"https:\/\/www.collet-matrat.com\/index.php?rest_route=%2Fwp%2Fv2%2Fmedia&parent=760"}],"curies":[{"name":"wp","href":"https:\/\/api.w.org\/{rel}","templated":true}]}}