{"id":778,"date":"2009-02-22T09:24:51","date_gmt":"2009-02-22T08:24:51","guid":{"rendered":"http:\/\/www.collet-matrat.com\/?page_id=778"},"modified":"2009-02-22T09:24:59","modified_gmt":"2009-02-22T08:24:59","slug":"le-guide-graphisme","status":"publish","type":"page","link":"https:\/\/www.collet-matrat.com\/?page_id=778","title":{"rendered":"Le Guide &#8211; Graphisme"},"content":{"rendered":"<p>\u221a Cr\u00e9er des diagrammes et des sch\u00e9mas ...<\/p>\n<p style=\"text-align: center;\"><a href=\"http:\/\/www.gliffy.com\/\" target=\"_blank\"><img data-recalc-dims=\"1\" loading=\"lazy\" decoding=\"async\" class=\"size-full wp-image-952 aligncenter\" title=\"wwwgliffycom\" src=\"https:\/\/i0.wp.com\/www.collet-matrat.com\/wp-content\/uploads\/2009\/02\/wwwgliffycom.jpg?resize=202%2C152\" alt=\"wwwgliffycom\" width=\"202\" height=\"152\" \/><\/a><\/p>\n<p>\u221a Effectuer des captures d'\u00e9cran pr\u00e9cises (<em><strong>Attention<\/strong><\/em> : la derni\u00e8re version \"gratuite est disponible <a href=\"http:\/\/www.321download.com\/LastFreeware\/page4.html#FastStone%20Capture\" target=\"_blank\">ICI<\/a>) ...<a href=\"http:\/\/www.faststone.org\/FSCaptureDetail.htm\" target=\"_blank\"><\/a><\/p>\n<p style=\"text-align: center;\"><a href=\"http:\/\/www.faststone.org\/FSCaptureDetail.htm\" target=\"_blank\"><img data-recalc-dims=\"1\" loading=\"lazy\" decoding=\"async\" class=\"size-full wp-image-953 aligncenter\" title=\"imageswebsnaprcom14\" src=\"https:\/\/i0.wp.com\/www.collet-matrat.com\/wp-content\/uploads\/2009\/02\/imageswebsnaprcom14.jpg?resize=202%2C152\" alt=\"imageswebsnaprcom14\" width=\"202\" height=\"152\" \/><\/a><\/p>\n","protected":false},"excerpt":{"rendered":"<p>\u221a Cr\u00e9er des diagrammes et des sch\u00e9mas ... \u221a Effectuer des captures d'\u00e9cran pr\u00e9cises (Attention : la derni\u00e8re version \"gratuite est disponible ICI) ...<\/p>\n","protected":false},"author":1,"featured_media":0,"parent":744,"menu_order":0,"comment_status":"closed","ping_status":"closed","template":"","meta":{"jetpack_post_was_ever_published":false,"footnotes":""},"class_list":["post-778","page","type-page","status-publish","hentry"],"jetpack_sharing_enabled":true,"jetpack_likes_enabled":true,"_links":{"self":[{"href":"https:\/\/www.collet-matrat.com\/index.php?rest_route=\/wp\/v2\/pages\/778","targetHints":{"allow":["GET"]}}],"collection":[{"href":"https:\/\/www.collet-matrat.com\/index.php?rest_route=\/wp\/v2\/pages"}],"about":[{"href":"https:\/\/www.collet-matrat.com\/index.php?rest_route=\/wp\/v2\/types\/page"}],"author":[{"embeddable":true,"href":"https:\/\/www.collet-matrat.com\/index.php?rest_route=\/wp\/v2\/users\/1"}],"replies":[{"embeddable":true,"href":"https:\/\/www.collet-matrat.com\/index.php?rest_route=%2Fwp%2Fv2%2Fcomments&post=778"}],"version-history":[{"count":9,"href":"https:\/\/www.collet-matrat.com\/index.php?rest_route=\/wp\/v2\/pages\/778\/revisions"}],"predecessor-version":[{"id":997,"href":"https:\/\/www.collet-matrat.com\/index.php?rest_route=\/wp\/v2\/pages\/778\/revisions\/997"}],"up":[{"embeddable":true,"href":"https:\/\/www.collet-matrat.com\/index.php?rest_route=\/wp\/v2\/pages\/744"}],"wp:attachment":[{"href":"https:\/\/www.collet-matrat.com\/index.php?rest_route=%2Fwp%2Fv2%2Fmedia&parent=778"}],"curies":[{"name":"wp","href":"https:\/\/api.w.org\/{rel}","templated":true}]}}