{"id":94,"date":"2006-08-21T06:47:33","date_gmt":"2006-08-21T04:47:33","guid":{"rendered":"http:\/\/www.collet-matrat.com\/newblog\/?page_id=94"},"modified":"2014-08-13T18:53:24","modified_gmt":"2014-08-13T16:53:24","slug":"liens-meteo","status":"publish","type":"page","link":"https:\/\/www.collet-matrat.com\/?page_id=94","title":{"rendered":"Liens m\u00e9t\u00e9o"},"content":{"rendered":"<p>On sort un peu du cadre de ce blog, mais voici les liens vers les sites m\u00e9t\u00e9o que j'utilise fr\u00e9quemment ...<\/p>\n<h4><em><strong>Mod\u00e8les<\/strong><\/em><\/h4>\n<ul>\n<li><a href=\"http:\/\/www.meteociel.fr\/modeles\/wrfnmm.php?ech=3&amp;mode=24&amp;map=0\" target=\"_blank\">WRF<\/a> (via <a href=\"http:\/\/www.meteociel.fr\" target=\"_blank\">Meteociel<\/a>)<\/li>\n<\/ul>\n<ul>\n<li><a href=\"http:\/\/www.infoclimat.fr\/modeles-meteorologiques.html?model=gfs\/france&amp;param=precip\" target=\"_blank\">GFS 0.5\u00b0 France <\/a>(via <a href=\"http:\/\/www.infoclimat.fr\" target=\"_blank\">Infoclimat<\/a>)<a href=\"http:\/\/www.infoclimat.fr\/modeles-meteorologiques.html?model=gfs\/france&amp;param=precip\" target=\"_blank\"><br \/>\n<\/a><\/li>\n<\/ul>\n<h4><em><strong>Observations<\/strong><\/em><\/h4>\n<ul>\n<li><a href=\"http:\/\/weather.noaa.gov\/weather\/current\/LFLC.html\" target=\"_blank\">Conditions Clermont-Ferrand<\/a><\/li>\n<\/ul>\n<ul>\n<li><a href=\"http:\/\/www.meteociel.fr\/temps-reel\/obs_villes.php?code2=7460\" target=\"_blank\">Conditions Clermont-Ferrand par M\u00e9teociel<\/a><\/li>\n<\/ul>\n<ul>\n<li><a href=\"http:\/\/weather.noaa.gov\/weather\/current\/LFLS.html\" target=\"_blank\">Conditions Grenoble<\/a><\/li>\n<\/ul>\n<ul>\n<li><a href=\"http:\/\/wwwobs.univ-bpclermont.fr\/atmos\/don-tem-reel.html\" target=\"_blank\">Observations en temps r\u00e9\u00e9l de l'Universit\u00e9 de Clermont-Ferrand<\/a><\/li>\n<\/ul>\n<ul>\n<li><a href=\"http:\/\/wwwobs.univ-bpclermont.fr\/observ\/radar\/DATA\/radar.html\" target=\"_blank\">Radar de pluie de l'Universit\u00e9 de Clermont-Ferrand (O.P.G.C.)<\/a><\/li>\n<\/ul>\n<ul>\n<li><a href=\"http:\/\/www.meteociel.fr\/accueil\/vent.php\" target=\"_blank\">Observation du vent en temps r\u00e9el sur la France<\/a><\/li>\n<\/ul>\n<ul>\n<li><a href=\"http:\/\/www.meteox.fr\/\" target=\"_blank\">Radar de pluie - Europe et France<\/a><\/li>\n<\/ul>\n<ul>\n<li><a href=\"http:\/\/oiswww.eumetsat.org\/IPPS\/html\/MSG\/IMAGERY\/IR039\/BW\/index.htm\" target=\"_blank\">Images Meteosat(EUMETSAT)<br \/>\n<\/a><\/li>\n<\/ul>\n<ul>\n<li><a href=\"http:\/\/www.infoclimat.fr\/cartes-meteo-temps-reel-images-satellites-infrarouge-visible-haute-resolution.html?i=radar\" target=\"_blank\">Radar de pr\u00e9cipitations HD<\/a> (via <a href=\"http:\/\/www.infoclimat.fr\" target=\"_blank\">Infoclimat<\/a>)<\/li>\n<\/ul>\n<h4><em><strong>Orages \/ foudre<\/strong><\/em><\/h4>\n<ul>\n<li><a href=\"http:\/\/www.keraunos.org\/\" target=\"_blank\">Observatoire Fran\u00e7ais des Tornades et des Orages Violents<\/a><\/li>\n<\/ul>\n<ul>\n<li><a href=\"http:\/\/www.keraunos.org\/temps-reel\/impacts-de-foudre\/orages-en-direct-france-foudre-eclairs-temps-reel-activite-electrique-suivi.html\" target=\"_blank\">Activit\u00e9 foudre sur la France en temps r\u00e9\u00e9l <\/a>(via <a href=\"http:\/\/www.keraunos.org\" target=\"_blank\">keraunos.org<\/a>)<\/li>\n<\/ul>\n<ul>\n<li><a href=\"http:\/\/www.keraunos.org\/previsions\/risque-orage-grele-rafales-de-vent-tornade-sur-ma-commune-prevision-risque-meteo.html\" target=\"_blank\">Quels risques orageux sur ma commune ?<\/a> (via <a href=\"http:\/\/www.keraunos.org\" target=\"_blank\">keraunos.org<\/a>)<\/li>\n<\/ul>\n<ul>\n<li><a href=\"http:\/\/meteocentre.com\/lightning\/map_sfuk.php?time=0&amp;lang=fr&amp;map=France&amp;type=strikes&amp;size=large\" target=\"_blank\">Observation de la foudre<\/a> (via <a href=\"http:\/\/meteocentre.com\" target=\"_blank\">meteocentre.com<\/a>)<\/li>\n<\/ul>\n<ul>\n<li><a href=\"http:\/\/www.blitzortung.org\/Webpages\/index.php?lang=fr&amp;page=1&amp;subpage_type_0=2\" target=\"_blank\">Observation de la foudre<\/a> (via <a href=\"http:\/\/www.blitzortung.org\/Webpages\/index.php?lang=fr&amp;page=1&amp;subpage_type_0=2\" target=\"_blank\">Blitzortung.org<\/a>)<\/li>\n<\/ul>\n<ul>\n<li><a href=\"http:\/\/chasseurs-orages.com\/prevision-orage.htm\" target=\"_blank\">Pr\u00e9visions de \"Chasseurs-Orages.com\"<\/a><\/li>\n<\/ul>\n<h4><em><strong>Aeronautique<\/strong><\/em><\/h4>\n<ul>\n<li><a href=\"http:\/\/weather.noaa.gov\/weather\/taf.shtml\" target=\"_blank\">Acc\u00e8s aux TAF<\/a><\/li>\n<\/ul>\n<h4><em><strong>Sites g\u00e9n\u00e9ralistes et pr\u00e9visions<\/strong><\/em><\/h4>\n<ul>\n<li><a href=\"http:\/\/www.meteoblue.ch\" target=\"_blank\">Meteoblue<\/a><\/li>\n<\/ul>\n<ul>\n<li><a href=\"http:\/\/www.infoclimat.fr\/accueil\/\" target=\"_blank\">Infoclimat<\/a><\/li>\n<\/ul>\n<ul>\n<li><a href=\"http:\/\/www.meteociel.fr\/\" target=\"_blank\">MeteoCiel<\/a><\/li>\n<\/ul>\n<ul>\n<li><a href=\"https:\/\/donneespubliques.meteofrance.fr\/?fond=caracteristique&amp;caracteristique=11&amp;caracdisp=28\" target=\"_blank\">Donn\u00e9es publiques de M\u00e9t\u00e9o France<\/a><\/li>\n<\/ul>\n","protected":false},"excerpt":{"rendered":"<p>On sort un peu du cadre de ce blog, mais voici les liens vers les sites m\u00e9t\u00e9o que j'utilise fr\u00e9quemment ... Mod\u00e8les WRF (via Meteociel) GFS 0.5\u00b0 France (via Infoclimat) Observations Conditions Clermont-Ferrand Conditions Clermont-Ferrand par M\u00e9teociel Conditions Grenoble Observations &hellip; <a href=\"https:\/\/www.collet-matrat.com\/?page_id=94\">Lire la suite <span class=\"meta-nav\">&rarr;<\/span><\/a><\/p>\n","protected":false},"author":1,"featured_media":0,"parent":0,"menu_order":0,"comment_status":"closed","ping_status":"closed","template":"","meta":{"jetpack_post_was_ever_published":false,"footnotes":""},"class_list":["post-94","page","type-page","status-publish","hentry"],"jetpack_sharing_enabled":true,"jetpack_likes_enabled":true,"_links":{"self":[{"href":"https:\/\/www.collet-matrat.com\/index.php?rest_route=\/wp\/v2\/pages\/94","targetHints":{"allow":["GET"]}}],"collection":[{"href":"https:\/\/www.collet-matrat.com\/index.php?rest_route=\/wp\/v2\/pages"}],"about":[{"href":"https:\/\/www.collet-matrat.com\/index.php?rest_route=\/wp\/v2\/types\/page"}],"author":[{"embeddable":true,"href":"https:\/\/www.collet-matrat.com\/index.php?rest_route=\/wp\/v2\/users\/1"}],"replies":[{"embeddable":true,"href":"https:\/\/www.collet-matrat.com\/index.php?rest_route=%2Fwp%2Fv2%2Fcomments&post=94"}],"version-history":[{"count":13,"href":"https:\/\/www.collet-matrat.com\/index.php?rest_route=\/wp\/v2\/pages\/94\/revisions"}],"predecessor-version":[{"id":3351,"href":"https:\/\/www.collet-matrat.com\/index.php?rest_route=\/wp\/v2\/pages\/94\/revisions\/3351"}],"wp:attachment":[{"href":"https:\/\/www.collet-matrat.com\/index.php?rest_route=%2Fwp%2Fv2%2Fmedia&parent=94"}],"curies":[{"name":"wp","href":"https:\/\/api.w.org\/{rel}","templated":true}]}}